{"id":3755,"date":"2017-04-03T02:02:31","date_gmt":"2017-04-03T07:02:31","guid":{"rendered":"https:\/\/colombiabiketours.cc\/?page_id=3755"},"modified":"2020-11-01T21:04:50","modified_gmt":"2020-11-02T02:04:50","slug":"recommendations","status":"publish","type":"page","link":"https:\/\/colombiabiketours.cc\/es\/recommendations\/","title":{"rendered":"Recommendations"},"content":{"rendered":"<div data-elementor-type=\"wp-page\" data-elementor-id=\"3755\" class=\"elementor elementor-3755\" data-elementor-post-type=\"page\">\n\t\t\t\t\t\t<section class=\"elementor-section elementor-top-section elementor-element elementor-element-9d64bbb elementor-section-boxed elementor-section-height-default elementor-section-height-default\" data-id=\"9d64bbb\" data-element_type=\"section\" data-e-type=\"section\">\n\t\t\t\t\t\t<div class=\"elementor-container elementor-column-gap-default\">\n\t\t\t\t\t<div class=\"elementor-column elementor-col-100 elementor-top-column elementor-element elementor-element-f9fba77\" data-id=\"f9fba77\" data-element_type=\"column\" data-e-type=\"column\">\n\t\t\t<div class=\"elementor-widget-wrap elementor-element-populated\">\n\t\t\t\t\t\t<div class=\"elementor-element elementor-element-d957485 elementor-widget elementor-widget-heading\" data-id=\"d957485\" data-element_type=\"widget\" data-e-type=\"widget\" data-widget_type=\"heading.default\">\n\t\t\t\t<div class=\"elementor-widget-container\">\n\t\t\t\t\t<h1 class=\"elementor-heading-title elementor-size-default\">Recommendations<\/h1>\t\t\t\t<\/div>\n\t\t\t\t<\/div>\n\t\t\t\t\t<\/div>\n\t\t<\/div>\n\t\t\t\t\t<\/div>\n\t\t<\/section>\n\t\t\t\t<section class=\"elementor-section elementor-top-section elementor-element elementor-element-b2f4a91 elementor-section-boxed elementor-section-height-default elementor-section-height-default\" data-id=\"b2f4a91\" data-element_type=\"section\" data-e-type=\"section\">\n\t\t\t\t\t\t<div class=\"elementor-container elementor-column-gap-default\">\n\t\t\t\t\t<div class=\"elementor-column elementor-col-100 elementor-top-column elementor-element elementor-element-4287e17\" data-id=\"4287e17\" data-element_type=\"column\" data-e-type=\"column\">\n\t\t\t<div class=\"elementor-widget-wrap elementor-element-populated\">\n\t\t\t\t\t\t<div class=\"elementor-element elementor-element-761a7d0 elementor-widget elementor-widget-text-editor\" data-id=\"761a7d0\" data-element_type=\"widget\" data-e-type=\"widget\" data-widget_type=\"text-editor.default\">\n\t\t\t\t<div class=\"elementor-widget-container\">\n\t\t\t\t\t\t\t\t\t<p><span style=\"vertical-align: inherit;\">Recomendaciones a tener en cuenta antes de viajar y durante los viajes<\/span><\/p>\t\t\t\t\t\t\t\t<\/div>\n\t\t\t\t<\/div>\n\t\t\t\t\t<\/div>\n\t\t<\/div>\n\t\t\t\t\t<\/div>\n\t\t<\/section>\n\t\t\t\t<section class=\"elementor-section elementor-top-section elementor-element elementor-element-b6ce79d elementor-section-boxed elementor-section-height-default elementor-section-height-default\" data-id=\"b6ce79d\" data-element_type=\"section\" data-e-type=\"section\">\n\t\t\t\t\t\t<div class=\"elementor-container elementor-column-gap-default\">\n\t\t\t\t\t<div class=\"elementor-column elementor-col-100 elementor-top-column elementor-element elementor-element-71dfa25\" data-id=\"71dfa25\" data-element_type=\"column\" data-e-type=\"column\">\n\t\t\t<div class=\"elementor-widget-wrap elementor-element-populated\">\n\t\t\t\t\t\t<div class=\"elementor-element elementor-element-4de8251 elementor-widget elementor-widget-text-editor\" data-id=\"4de8251\" data-element_type=\"widget\" data-e-type=\"widget\" data-widget_type=\"text-editor.default\">\n\t\t\t\t<div class=\"elementor-widget-container\">\n\t\t\t\t\t\t\t\t\t<h4><span style=\"text-decoration: underline;\"><b><span style=\"vertical-align: inherit;\">1. Transporte a\u00e9reo (bicicleta y \/ o equipaje adicional):<\/span><\/b><\/span><\/h4><p><span style=\"vertical-align: inherit;\">Generalmente, las aerol\u00edneas cobran para transportar la bicicleta entre Am\u00e9rica Latina y Europa (100 D\u00f3lares o 100 Euros en promedio, por trayecto). Para las personas que viajan desde Bogot\u00e1 (Colombia), Air France normalmente NO cobra por el transporte de la bicicleta entre Colombia y Francia si el equipaje con la bicicleta es el \u00fanico equipaje de bodega. En cambio, se cobra el sobre-costo entre Francia y Colombia: 100 Euros.<\/span><\/p><p><span style=\"vertical-align: inherit;\">El equipaje transportando la bicicleta no debe superar los 23kg y 300cm de dimensi\u00f3n (ejemplo: 180cmx80cmx40cm). Los otros equipajes de bodega (costo adicional por cada equipaje adicional despu\u00e9s del equipaje principal) tampoco deben superar los 23 kg (eso puede variar seg\u00fan la aerol\u00ednea). Adicional al equipaje de bodega, se puede transportar un <\/span><strong><a href=\"http:\/\/www.airfrance.es\/ES\/es\/common\/guidevoyageur\/pratique\/bagages-cabine-airfrance.htm\" target=\"_blank\" rel=\"noopener noreferrer\"><span style=\"vertical-align: inherit;\">equipaje de cabina<\/span><\/a><\/strong><span style=\"vertical-align: inherit;\"> (peso m\u00e1ximo promedio de 10kg; dependiendo de la aerol\u00ednea) y un accesorio (bolso, computador, etc.). Para resumir, generalmente las aerol\u00edneas deben transportar de forma gratuita lo siguiente por persona: un equipaje de bodega (23 kg), un equipaje de cabina (10 kg) y un accesorio. Si el equipaje de bodega es la bicicleta, eso tiene un costo adicional en la mayor\u00eda de los casos.<\/span><\/p><p><span style=\"vertical-align: inherit;\">En los siguientes enlaces, se pueden consultar las condiciones de transporte de bicicleta de las aerol\u00edneas m\u00e1s populares que operan entre Am\u00e9rica Latina y Europa:<\/span><\/p><p><strong><a href=\"http:\/\/www.airfrance.com\/CO\/es\/common\/guidevoyageur\/pratique\/bagage_equipement_sport_airfrance.htm\" target=\"_blank\" rel=\"noopener noreferrer\"><span style=\"vertical-align: inherit;\">Air France<\/span><\/a><\/strong><span style=\"vertical-align: inherit;\"> .<\/span><\/p><p><strong><a href=\"http:\/\/www.avianca.com\/es-co\/informacion-viaje\/planea\/avianca-travel-smart\/equipo-deportivo.aspx\" target=\"_blank\" rel=\"noopener noreferrer\"><span style=\"vertical-align: inherit;\">Avianca<\/span><\/a><\/strong><span style=\"vertical-align: inherit;\"> .<\/span><\/p><p><strong><a href=\"http:\/\/www.iberia.com\/co\/equipajes\/especiales\/\" target=\"_blank\" rel=\"noopener noreferrer\"><span style=\"vertical-align: inherit;\">Iberia<\/span><\/a><\/strong><span style=\"vertical-align: inherit;\"> .<\/span><\/p>\t\t\t\t\t\t\t\t<\/div>\n\t\t\t\t<\/div>\n\t\t\t\t\t<\/div>\n\t\t<\/div>\n\t\t\t\t\t<\/div>\n\t\t<\/section>\n\t\t\t\t<section class=\"elementor-section elementor-top-section elementor-element elementor-element-ab481f3 elementor-section-boxed elementor-section-height-default elementor-section-height-default\" data-id=\"ab481f3\" data-element_type=\"section\" data-e-type=\"section\">\n\t\t\t\t\t\t<div class=\"elementor-container elementor-column-gap-default\">\n\t\t\t\t\t<div class=\"elementor-column elementor-col-100 elementor-top-column elementor-element elementor-element-4f68372\" data-id=\"4f68372\" data-element_type=\"column\" data-e-type=\"column\">\n\t\t\t<div class=\"elementor-widget-wrap elementor-element-populated\">\n\t\t\t\t\t\t<div class=\"elementor-element elementor-element-d892787 elementor-widget elementor-widget-text-editor\" data-id=\"d892787\" data-element_type=\"widget\" data-e-type=\"widget\" data-widget_type=\"text-editor.default\">\n\t\t\t\t<div class=\"elementor-widget-container\">\n\t\t\t\t\t\t\t\t\t<h4><strong><u><span style=\"vertical-align: inherit;\">2. Empacar la bicicleta:<\/span><\/u><\/strong><\/h4><p><span style=\"vertical-align: inherit;\">Aconsejamos usar <\/span><strong><span style=\"vertical-align: inherit;\">maletas flexibles protegidas con espuma y con ruedas<\/span><\/strong><span style=\"vertical-align: inherit;\"> para transportar la bicicleta ( <\/span><span style=\"text-decoration: underline;\"><span style=\"vertical-align: inherit;\">no garantizamos que podamos transportar las maletas r\u00edgidas por la cuesti\u00f3n del espacio en el remolque<\/span><\/span><span style=\"vertical-align: inherit;\"> ), porque se pueden doblar cuando no se usa y la gran mayor\u00eda ofrecen una protecci\u00f3n impecable durante el transporte a\u00e9reo (ver fotos). Este <\/span><strong><a href=\"https:\/\/youtu.be\/sOKRIf2-z3E\" target=\"_blank\" rel=\"noopener noreferrer\"><span style=\"vertical-align: inherit;\">video<\/span><\/a><\/strong><span style=\"vertical-align: inherit;\"> muestra como empacar la bicicleta. <\/span><\/p>\t\t\t\t\t\t\t\t<\/div>\n\t\t\t\t<\/div>\n\t\t\t\t\t<\/div>\n\t\t<\/div>\n\t\t\t\t\t<\/div>\n\t\t<\/section>\n\t\t\t\t<section class=\"elementor-section elementor-top-section elementor-element elementor-element-676137e elementor-section-boxed elementor-section-height-default elementor-section-height-default\" data-id=\"676137e\" data-element_type=\"section\" data-e-type=\"section\">\n\t\t\t\t\t\t<div class=\"elementor-container elementor-column-gap-default\">\n\t\t\t\t\t<div class=\"elementor-column elementor-col-100 elementor-top-column elementor-element elementor-element-768d799\" data-id=\"768d799\" data-element_type=\"column\" data-e-type=\"column\">\n\t\t\t<div class=\"elementor-widget-wrap elementor-element-populated\">\n\t\t\t\t\t\t<div class=\"elementor-element elementor-element-834d152 elementor-widget elementor-widget-text-editor\" data-id=\"834d152\" data-element_type=\"widget\" data-e-type=\"widget\" data-widget_type=\"text-editor.default\">\n\t\t\t\t<div class=\"elementor-widget-container\">\n\t\t\t\t\t\t\t\t\t<h4><strong><u><span style=\"vertical-align: inherit;\">3. Llevar su bicicleta o alquilar una \/ uso de ruedas de carbono:<\/span><\/u><\/strong><\/h4><p><span style=\"vertical-align: inherit;\">Eso lo define cada uno, no hay reglas. El 90% de los participantes en nuestros viajes llevan su propia bicicleta. En ciertos casos, por ejemplo, si uno decide quedarse m\u00e1s tiempo en Europa con la familia, puede ser una buena soluci\u00f3n alquilar la bicicleta en vez de llevarla, as\u00ed uno est\u00e1 m\u00e1s tranquilo despu\u00e9s (o antes) del viaje con nosotros porque no tiene que transportar la bicicleta.<\/span><\/p><p><strong><span style=\"vertical-align: inherit;\">Para las personas que alquilan la bicicleta, es indispensable llevar: <\/span><span style=\"text-decoration: underline;\"><span style=\"vertical-align: inherit;\">pedales, casco y zapatillas<\/span><\/span><span style=\"vertical-align: inherit;\"> .<\/span><\/strong><\/p><p><span style=\"vertical-align: inherit;\">De igual manera, cada uno escoge si quiere llevar ruedas de carbono con su bicicleta. Nosotros recomendamos usar ruedas de aluminio con neum\u00e1ticos clincher. En caso de llevar ruedas con tubulares, cada uno debe llevar a cabo sus tubulares de recambio porque solo tenemos recambio para ruedas con clincher.<\/span><\/p><p><span style=\"vertical-align: inherit;\">En caso de alquilar la bicicleta, la talla del marco que necesitamos conocer es la medida &#8220;A&#8221; en el siguiente dibujo:<\/span><\/p><h4><strong><u><a href=\"https:\/\/colombiabiketours.cc\/wp-content\/uploads\/2018\/04\/WhatsApp-Image-2018-04-09-at-16.45.16.jpeg\"><img fetchpriority=\"high\" decoding=\"async\" class=\"alignnone size-medium wp-image-4819\" src=\"https:\/\/colombiabiketours.cc\/wp-content\/uploads\/2018\/04\/WhatsApp-Image-2018-04-09-at-16.45.16-480x278.jpeg\" alt=\"\" width=\"480\" height=\"278\" srcset=\"https:\/\/colombiabiketours.cc\/wp-content\/uploads\/2018\/04\/WhatsApp-Image-2018-04-09-at-16.45.16.jpeg 480w, https:\/\/colombiabiketours.cc\/wp-content\/uploads\/2018\/04\/WhatsApp-Image-2018-04-09-at-16.45.16-466x270.jpeg 466w\" sizes=\"(max-width: 480px) 100vw, 480px\" \/><\/a><\/u><\/strong><\/h4>\t\t\t\t\t\t\t\t<\/div>\n\t\t\t\t<\/div>\n\t\t\t\t\t<\/div>\n\t\t<\/div>\n\t\t\t\t\t<\/div>\n\t\t<\/section>\n\t\t\t\t<section class=\"elementor-section elementor-top-section elementor-element elementor-element-88e6953 elementor-section-boxed elementor-section-height-default elementor-section-height-default\" data-id=\"88e6953\" data-element_type=\"section\" data-e-type=\"section\">\n\t\t\t\t\t\t<div class=\"elementor-container elementor-column-gap-default\">\n\t\t\t\t\t<div class=\"elementor-column elementor-col-100 elementor-top-column elementor-element elementor-element-36e8143\" data-id=\"36e8143\" data-element_type=\"column\" data-e-type=\"column\">\n\t\t\t<div class=\"elementor-widget-wrap elementor-element-populated\">\n\t\t\t\t\t\t<div class=\"elementor-element elementor-element-9304e65 elementor-widget elementor-widget-text-editor\" data-id=\"9304e65\" data-element_type=\"widget\" data-e-type=\"widget\" data-widget_type=\"text-editor.default\">\n\t\t\t\t<div class=\"elementor-widget-container\">\n\t\t\t\t\t\t\t\t\t<h4><strong><u><span style=\"vertical-align: inherit;\">4. Estado de la bicicleta \/ revisi\u00f3n (mantenimiento):<\/span><\/u><\/strong><\/h4><p><span style=\"vertical-align: inherit;\">Recomendamos insistentemente lo siguiente para las personas que viajan con su bicicleta propia:<\/span><\/p><ul><li><span style=\"vertical-align: inherit;\">Hacer mantenimiento a la bicicleta algunos d\u00edas antes de viajar<\/span><\/li><li><span style=\"vertical-align: inherit;\">Usar n<\/span><span style=\"vertical-align: inherit;\">eum\u00e1ticos y c\u00e1maras de aire nuevos (y evitar tubulares)<\/span><\/li><li><span style=\"vertical-align: inherit;\">Averiguar pi\u00f1oner\u00eda (ver punto siguiente)<\/span><\/li><\/ul>\t\t\t\t\t\t\t\t<\/div>\n\t\t\t\t<\/div>\n\t\t\t\t\t<\/div>\n\t\t<\/div>\n\t\t\t\t\t<\/div>\n\t\t<\/section>\n\t\t\t\t<section class=\"elementor-section elementor-top-section elementor-element elementor-element-e8180d4 elementor-section-boxed elementor-section-height-default elementor-section-height-default\" data-id=\"e8180d4\" data-element_type=\"section\" data-e-type=\"section\">\n\t\t\t\t\t\t<div class=\"elementor-container elementor-column-gap-default\">\n\t\t\t\t\t<div class=\"elementor-column elementor-col-100 elementor-top-column elementor-element elementor-element-20f2802\" data-id=\"20f2802\" data-element_type=\"column\" data-e-type=\"column\">\n\t\t\t<div class=\"elementor-widget-wrap elementor-element-populated\">\n\t\t\t\t\t\t<div class=\"elementor-element elementor-element-ee57a44 elementor-widget elementor-widget-text-editor\" data-id=\"ee57a44\" data-element_type=\"widget\" data-e-type=\"widget\" data-widget_type=\"text-editor.default\">\n\t\t\t\t<div class=\"elementor-widget-container\">\n\t\t\t\t\t\t\t\t\t<h4><strong><span style=\"text-decoration: underline;\"><span style=\"vertical-align: inherit;\">5. Pi\u00f1oner\u00eda \/ desarrollos de bicicleta recomendados:<\/span><\/span><\/strong><\/h4><p><span style=\"vertical-align: inherit;\">En la mayor\u00eda de los casos, una bicicleta con platos de 34&#215;50 o 36&#215;52 y pi\u00f1ones de 11-28 es suficiente. En algunos casos y dependiendo de cada uno (fuerza propia, nivel de entrenamiento, costumbres, etc), un pi\u00f1\u00f3n de 32 puede ser recomendado. Este servir\u00e1 solamente en casos extremos y muy poco tiempo, as\u00ed que si uno no lo tiene, no hay que preocuparse.<\/span><\/p>\t\t\t\t\t\t\t\t<\/div>\n\t\t\t\t<\/div>\n\t\t\t\t\t<\/div>\n\t\t<\/div>\n\t\t\t\t\t<\/div>\n\t\t<\/section>\n\t\t\t\t<section class=\"elementor-section elementor-top-section elementor-element elementor-element-81d0315 elementor-section-boxed elementor-section-height-default elementor-section-height-default\" data-id=\"81d0315\" data-element_type=\"section\" data-e-type=\"section\">\n\t\t\t\t\t\t<div class=\"elementor-container elementor-column-gap-default\">\n\t\t\t\t\t<div class=\"elementor-column elementor-col-100 elementor-top-column elementor-element elementor-element-2d90d2d\" data-id=\"2d90d2d\" data-element_type=\"column\" data-e-type=\"column\">\n\t\t\t<div class=\"elementor-widget-wrap elementor-element-populated\">\n\t\t\t\t\t\t<div class=\"elementor-element elementor-element-6784459 elementor-widget elementor-widget-text-editor\" data-id=\"6784459\" data-element_type=\"widget\" data-e-type=\"widget\" data-widget_type=\"text-editor.default\">\n\t\t\t\t<div class=\"elementor-widget-container\">\n\t\t\t\t\t\t\t\t\t<h4><strong><u><span style=\"vertical-align: inherit;\">6. Clima seg\u00fan el destino:<\/span><\/u><\/strong><\/h4><h5><strong><u><span style=\"vertical-align: inherit;\">Giro de Italia:<\/span><\/u><\/strong><\/h5><p><span style=\"vertical-align: inherit;\">Durante el Giro (finales de mayo), la mayor\u00eda del tiempo el clima va a ser agradable y las temperaturas ser\u00e1n entre 15 \u00b0 y 25 \u00b0. Este periodo del a\u00f1o corresponde a los \u00faltimos d\u00edas de primavera antes del verano, as\u00ed que el clima es caliente la mayor\u00eda del tiempo a nivel del mar. En algunos altos de monta\u00f1a, puede subsistir un poco de nieve del invierno, sin que el clima est\u00e9 necesariamente frio. Estuvimos en esas condiciones en el Giro 2016 (ver fotos) sin que hubi\u00e9semos sentido mucho frio; la temperatura era de unos 12-15 \u00b0. Excepcionalmente, si llueve o cae nieve en los altos, se puede sentir el frio. En este caso, es recomendable traer un impermeable con una ropa interior mangas largas espec\u00edficas para ciclismo, para enfrentar el frio mientras pasan los corredores del Giro (ver foto).\u00a0<\/span><\/p><h5><strong><u><span style=\"vertical-align: inherit;\">Tour de Francia:<\/span><\/u><\/strong><\/h5><p><span style=\"vertical-align: inherit;\">En el Tour (mes de julio), estaremos en verano as\u00ed que en promedio, las temperaturas alcanzan unos 25-35 grados. Muy raramente se puede sentir frio. M\u00e1s bien, recomendamos a las personas usar ropa liviana para luchar contra el calor y tener en la maleta un impermeable liviano en caso de lluvia.<\/span><\/p><h5><strong><u><span style=\"vertical-align: inherit;\">Vuelta a Espa\u00f1a:<\/span><\/u><\/strong><\/h5><p><span style=\"vertical-align: inherit;\">Igual que en el Tour, con a\u00fan m\u00e1s calor (finales de agosto \/ principios de septiembre), y menos probabilidades de lluvia. Insistimos tambi\u00e9n sobre el hecho que la resistencia a condiciones clim\u00e1ticas dif\u00edciles (calor, frio o lluvia) depende de cada uno.<\/span><\/p>\t\t\t\t\t\t\t\t<\/div>\n\t\t\t\t<\/div>\n\t\t\t\t\t<\/div>\n\t\t<\/div>\n\t\t\t\t\t<\/div>\n\t\t<\/section>\n\t\t\t\t<section class=\"elementor-section elementor-top-section elementor-element elementor-element-b088599 elementor-section-boxed elementor-section-height-default elementor-section-height-default\" data-id=\"b088599\" data-element_type=\"section\" data-e-type=\"section\">\n\t\t\t\t\t\t<div class=\"elementor-container elementor-column-gap-default\">\n\t\t\t\t\t<div class=\"elementor-column elementor-col-100 elementor-top-column elementor-element elementor-element-e6b6629\" data-id=\"e6b6629\" data-element_type=\"column\" data-e-type=\"column\">\n\t\t\t<div class=\"elementor-widget-wrap elementor-element-populated\">\n\t\t\t\t\t\t<div class=\"elementor-element elementor-element-a1b259e elementor-widget elementor-widget-text-editor\" data-id=\"a1b259e\" data-element_type=\"widget\" data-e-type=\"widget\" data-widget_type=\"text-editor.default\">\n\t\t\t\t<div class=\"elementor-widget-container\">\n\t\t\t\t\t\t\t\t\t<h4><strong><u><span style=\"vertical-align: inherit;\">7. Entrenamiento:<\/span><\/u><\/strong><\/h4><p><span style=\"vertical-align: inherit;\">Para las personas que no tienen una rutina de buen kilometraje, es muy recomendable (por no decir \u201cobligatorio\u201d) entrenar con seriedad y dedicaci\u00f3n por los menos unos 4 o 5 meses antes del viaje. La mayor\u00eda de las personas logran tener una rutina diaria con disciplina sin necesidad de tener un entrenador. Para las personas que necesitan un entrenador tenemos, un convenio con la empresa de coaching y entrenamientos <\/span><a href=\"http:\/\/www.ruedalibre.club\"><span style=\"vertical-align: inherit;\">www.ruedalibre.club<\/span><\/a><span style=\"vertical-align: inherit;\"> \u00a0(contacto: Jorge E. Hernandez -&gt; jorgeeduardohernandeznavas@gmail.com)<\/span><\/p>\t\t\t\t\t\t\t\t<\/div>\n\t\t\t\t<\/div>\n\t\t\t\t\t<\/div>\n\t\t<\/div>\n\t\t\t\t\t<\/div>\n\t\t<\/section>\n\t\t\t\t<section class=\"elementor-section elementor-top-section elementor-element elementor-element-60ea0bf elementor-section-boxed elementor-section-height-default elementor-section-height-default\" data-id=\"60ea0bf\" data-element_type=\"section\" data-e-type=\"section\">\n\t\t\t\t\t\t<div class=\"elementor-container elementor-column-gap-default\">\n\t\t\t\t\t<div class=\"elementor-column elementor-col-100 elementor-top-column elementor-element elementor-element-7b6284b\" data-id=\"7b6284b\" data-element_type=\"column\" data-e-type=\"column\">\n\t\t\t<div class=\"elementor-widget-wrap elementor-element-populated\">\n\t\t\t\t\t\t<div class=\"elementor-element elementor-element-b6f9255 elementor-widget elementor-widget-text-editor\" data-id=\"b6f9255\" data-element_type=\"widget\" data-e-type=\"widget\" data-widget_type=\"text-editor.default\">\n\t\t\t\t<div class=\"elementor-widget-container\">\n\t\t\t\t\t\t\t\t\t<h4><strong><u><span style=\"vertical-align: inherit;\">8. Ropa de ciclismo:<\/span><\/u><\/strong><\/h4><p><span style=\"vertical-align: inherit;\">Para los viajes que duran m\u00e1s de una semana, recomendamos llevar unos 4 o 5 uniformes m\u00e1ximo y lavarlos a mano cuando se da la oportunidad (estad\u00eda de m\u00e1s de una noche en un mismo hotel) y seg\u00fan las necesidades; se lava muy f\u00e1cilmente y es lo que hace la mayor\u00eda de las personas que viajan con nosotros, incluso las gu\u00edas en bicicleta.<\/span><\/p>\t\t\t\t\t\t\t\t<\/div>\n\t\t\t\t<\/div>\n\t\t\t\t\t<\/div>\n\t\t<\/div>\n\t\t\t\t\t<\/div>\n\t\t<\/section>\n\t\t\t\t<section class=\"elementor-section elementor-top-section elementor-element elementor-element-cdcc6bf elementor-section-boxed elementor-section-height-default elementor-section-height-default\" data-id=\"cdcc6bf\" data-element_type=\"section\" data-e-type=\"section\">\n\t\t\t\t\t\t<div class=\"elementor-container elementor-column-gap-default\">\n\t\t\t\t\t<div class=\"elementor-column elementor-col-100 elementor-top-column elementor-element elementor-element-50d0e01\" data-id=\"50d0e01\" data-element_type=\"column\" data-e-type=\"column\">\n\t\t\t<div class=\"elementor-widget-wrap elementor-element-populated\">\n\t\t\t\t\t\t<div class=\"elementor-element elementor-element-db14088 elementor-widget elementor-widget-text-editor\" data-id=\"db14088\" data-element_type=\"widget\" data-e-type=\"widget\" data-widget_type=\"text-editor.default\">\n\t\t\t\t<div class=\"elementor-widget-container\">\n\t\t\t\t\t\t\t\t\t<h4><strong><u><span style=\"vertical-align: inherit;\">9. Recomendaciones generales:<\/span><\/u><\/strong><\/h4><ol><li><span style=\"vertical-align: inherit;\">No botar papeles en las v\u00edas (los embalajes de nutrici\u00f3n deportiva por ejemplo); guardarles en una bolsa y botarlos al regresar en el hotel<\/span><\/li><li><span style=\"vertical-align: inherit;\">Recomendamos usar la App <\/span><strong><span style=\"vertical-align: inherit;\">STRAVA<\/span><\/strong><span style=\"vertical-align: inherit;\"> ( <\/span><strong><a href=\"http:\/\/www.strava.com\" target=\"_blank\" rel=\"noopener noreferrer\"><span style=\"vertical-align: inherit;\">strava.com<\/span><\/a><\/strong><span style=\"vertical-align: inherit;\"> ) para poder monitorear los recorridos en bicicleta. Nosotros de vez en cuando hacemos retos de cronoescalada durante los viajes y los tiempos solamente se pueden averiguar con esta App.<\/span><\/li><li><span style=\"vertical-align: inherit;\">Tener cuidado con los objetos importantes: pasaporte, efectivo, gafas, etc.<\/span><\/li><li><span style=\"vertical-align: inherit;\">Es <\/span><strong><span style=\"vertical-align: inherit;\">indispensable<\/span><\/strong><span style=\"vertical-align: inherit;\"> respetar los horarios del grupo y ser puntual. En varias ocasiones, es posible estar aparte del grupo por unas horas o un d\u00eda completo, pero siempre hay que avisar antes al responsable del grupo.<\/span><\/li><li><span style=\"vertical-align: inherit;\">No hay obligaci\u00f3n de dejar propina a los gu\u00edas que acompa\u00f1an a los grupos, pero si piensan que hicieron un trabajo excepcional y que les trataron muy bien, siempre est\u00e1 permitido dejar algo. Tambi\u00e9n los gu\u00edas aprecian recibir un detallito como un producto local de donde vienen los participantes a los viajes y as\u00ed uno comparte un poco de su pa\u00eds, de su regi\u00f3n.<\/span><\/li><\/ol>\t\t\t\t\t\t\t\t<\/div>\n\t\t\t\t<\/div>\n\t\t\t\t\t<\/div>\n\t\t<\/div>\n\t\t\t\t\t<\/div>\n\t\t<\/section>\n\t\t\t\t<\/div>","protected":false},"excerpt":{"rendered":"<p>Recommendations Recomendaciones a tener en cuenta antes de viajar y durante los viajes 1. Transporte a\u00e9reo (bicicleta y \/ o equipaje adicional): Generalmente, las aerol\u00edneas cobran para transportar la bicicleta entre Am\u00e9rica Latina y Europa (100 D\u00f3lares o 100 Euros en promedio, por trayecto). Para las personas que viajan desde Bogot\u00e1 (Colombia), Air France normalmente [&hellip;]<\/p>\n","protected":false},"author":3,"featured_media":0,"parent":0,"menu_order":0,"comment_status":"closed","ping_status":"closed","template":"","meta":{"footnotes":""},"class_list":["post-3755","page","type-page","status-publish","hentry"],"_links":{"self":[{"href":"https:\/\/colombiabiketours.cc\/es\/wp-json\/wp\/v2\/pages\/3755","targetHints":{"allow":["GET"]}}],"collection":[{"href":"https:\/\/colombiabiketours.cc\/es\/wp-json\/wp\/v2\/pages"}],"about":[{"href":"https:\/\/colombiabiketours.cc\/es\/wp-json\/wp\/v2\/types\/page"}],"author":[{"embeddable":true,"href":"https:\/\/colombiabiketours.cc\/es\/wp-json\/wp\/v2\/users\/3"}],"replies":[{"embeddable":true,"href":"https:\/\/colombiabiketours.cc\/es\/wp-json\/wp\/v2\/comments?post=3755"}],"version-history":[{"count":0,"href":"https:\/\/colombiabiketours.cc\/es\/wp-json\/wp\/v2\/pages\/3755\/revisions"}],"wp:attachment":[{"href":"https:\/\/colombiabiketours.cc\/es\/wp-json\/wp\/v2\/media?parent=3755"}],"curies":[{"name":"wp","href":"https:\/\/api.w.org\/{rel}","templated":true}]}}