{"id":4987,"date":"2018-08-24T10:26:16","date_gmt":"2018-08-24T15:26:16","guid":{"rendered":"https:\/\/colombiabiketours.cc\/?post_type=product&#038;p=4987"},"modified":"2018-09-26T17:41:33","modified_gmt":"2018-09-26T22:41:33","slug":"uniforme-seleccion-2018","status":"publish","type":"product","link":"https:\/\/colombiabiketours.cc\/es\/producto\/uniforme-seleccion-2018\/","title":{"rendered":"Uniforme Selecci\u00f3n de Colombia 2018"},"content":{"rendered":"<p>Valor del uniforme completo 89 Euros, o $300.000 (pesos colombianos) o $280.000 a partir de dos uniformes \/ o la camiseta sola 47 Euros o $160.000.<\/p>\n<p>Valor del env\u00edo: $15.000 en todo el pa\u00eds (Colombia). Consultarnos para env\u00edos internacionales a info@colombiabiketours.cc<\/p>","protected":false},"excerpt":{"rendered":"<p><strong>Confecci\u00f3n SUAREZ (l\u00ednea PERFORMANCE Line )<\/strong><\/p>\n<ul>\n<li><strong>CAMISETA:<\/strong><\/li>\n<li>Ajuste Semirelax Fit<\/li>\n<li>Telas livianas que brindan confort y controlan la humedad<\/li>\n<li>Cortes en malla para mejor ventilaci\u00f3n<\/li>\n<li>Terminaci\u00f3n de mangas con bandas antideslizantes<\/li>\n<li>Tres bolsillos posteriores con f\u00e1cil acceso<\/li>\n<li>Elementos reflectivos para mejor visibilidad<\/li>\n<li>El\u00e1stico con gel antideslizante en el ruedo de la espalda<\/li>\n<li><strong>PANTALONETA:<\/strong><\/li>\n<li>Telas de tacto suave mayor elasticidad y soporte muscular<\/li>\n<li>Sistema de paneles con ajuste ergon\u00f3mico<\/li>\n<li>Badana \u00c9lite que brinda mayor confort con tecnolog\u00eda antibacterial<\/li>\n<li>Elementos reflectivos en ambas piernas para mejor visibilidad<\/li>\n<li>Terminaci\u00f3n de la pierna con bandas antideslizantes<\/li>\n<li>Tirantas en malla que aumenta confort y transpirabilidad<\/li>\n<li>Tallas Disponibles: XS a XL, corte Hombre o corte Dama. Ver la tabla de medidas\u00a0<a href=\"http:\/\/colombiabiketours.cc\/wp-content\/uploads\/2016\/05\/tallas-todas.jpg\" target=\"_blank\" rel=\"noopener noreferrer\"><strong>aqu\u00ed<\/strong><\/a><\/li>\n<li>Costo del envio: 5 Euros o $15.000 (pesos colombianos)<\/li>\n<li>En caso de querer solo la camiseta, escribirnos a info@colombiabiketours.cc<\/li>\n<\/ul>","protected":false},"featured_media":4996,"comment_status":"closed","ping_status":"closed","template":"","meta":[],"product_brand":[],"product_cat":[51],"product_tag":[],"class_list":{"0":"post-4987","1":"product","2":"type-product","3":"status-publish","4":"has-post-thumbnail","6":"product_cat-clothing","8":"first","9":"instock","10":"shipping-taxable","11":"purchasable","12":"product-type-variable"},"_links":{"self":[{"href":"https:\/\/colombiabiketours.cc\/es\/wp-json\/wp\/v2\/product\/4987","targetHints":{"allow":["GET"]}}],"collection":[{"href":"https:\/\/colombiabiketours.cc\/es\/wp-json\/wp\/v2\/product"}],"about":[{"href":"https:\/\/colombiabiketours.cc\/es\/wp-json\/wp\/v2\/types\/product"}],"replies":[{"embeddable":true,"href":"https:\/\/colombiabiketours.cc\/es\/wp-json\/wp\/v2\/comments?post=4987"}],"version-history":[{"count":0,"href":"https:\/\/colombiabiketours.cc\/es\/wp-json\/wp\/v2\/product\/4987\/revisions"}],"wp:featuredmedia":[{"embeddable":true,"href":"https:\/\/colombiabiketours.cc\/es\/wp-json\/wp\/v2\/media\/4996"}],"wp:attachment":[{"href":"https:\/\/colombiabiketours.cc\/es\/wp-json\/wp\/v2\/media?parent=4987"}],"wp:term":[{"taxonomy":"product_brand","embeddable":true,"href":"https:\/\/colombiabiketours.cc\/es\/wp-json\/wp\/v2\/product_brand?post=4987"},{"taxonomy":"product_cat","embeddable":true,"href":"https:\/\/colombiabiketours.cc\/es\/wp-json\/wp\/v2\/product_cat?post=4987"},{"taxonomy":"product_tag","embeddable":true,"href":"https:\/\/colombiabiketours.cc\/es\/wp-json\/wp\/v2\/product_tag?post=4987"}],"curies":[{"name":"wp","href":"https:\/\/api.w.org\/{rel}","templated":true}]}}